{"id":98192,"date":"2025-08-12T14:09:59","date_gmt":"2025-08-12T12:09:59","guid":{"rendered":"https:\/\/staging.eurofirms.com\/cl\/?page_id=98192"},"modified":"2026-01-12T12:33:33","modified_gmt":"2026-01-12T11:33:33","slug":"contacto","status":"publish","type":"page","link":"https:\/\/www.eurofirms.com\/pe\/es\/contacto\/","title":{"rendered":"Contacto"},"content":{"rendered":"\t\t<div data-elementor-type=\"wp-page\" data-elementor-id=\"98192\" class=\"elementor elementor-98192\" data-elementor-post-type=\"page\">\n\t\t\t\t<div class=\"elementor-element elementor-element-b7315d0 e-flex e-con-boxed e-con e-parent\" data-id=\"b7315d0\" data-element_type=\"container\" data-e-type=\"container\" data-settings=\"{&quot;background_background&quot;:&quot;gradient&quot;,&quot;jet_parallax_layout_list&quot;:[]}\">\n\t\t\t\t\t<div class=\"e-con-inner\">\n\t\t<div class=\"elementor-element elementor-element-642c96e e-con-full e-flex e-con e-child\" data-id=\"642c96e\" data-element_type=\"container\" data-e-type=\"container\" data-settings=\"{&quot;jet_parallax_layout_list&quot;:[]}\">\n\t\t<div class=\"elementor-element elementor-element-3c31ae4 e-con-full e-flex e-con e-child\" data-id=\"3c31ae4\" data-element_type=\"container\" data-e-type=\"container\" data-settings=\"{&quot;jet_parallax_layout_list&quot;:[]}\">\n\t\t<div class=\"elementor-element elementor-element-680dcbd e-flex e-con-boxed e-con e-child\" data-id=\"680dcbd\" data-element_type=\"container\" data-e-type=\"container\" data-settings=\"{&quot;jet_parallax_layout_list&quot;:[]}\">\n\t\t\t\t\t<div class=\"e-con-inner\">\n\t\t<div class=\"elementor-element elementor-element-70f58ed e-con-full e-flex e-con e-child\" data-id=\"70f58ed\" data-element_type=\"container\" data-e-type=\"container\" data-settings=\"{&quot;jet_parallax_layout_list&quot;:[]}\">\n\t\t\t\t<div class=\"elementor-element elementor-element-0e39d28 elementor-widget__width-initial elementor-view-default elementor-position-block-start elementor-mobile-position-block-start elementor-widget elementor-widget-icon-box\" data-id=\"0e39d28\" data-element_type=\"widget\" data-e-type=\"widget\" data-widget_type=\"icon-box.default\">\n\t\t\t\t<div class=\"elementor-widget-container\">\n\t\t\t\t\t\t\t<div class=\"elementor-icon-box-wrapper\">\n\n\t\t\t\t\t\t<div class=\"elementor-icon-box-icon\">\n\t\t\t\t<span  class=\"elementor-icon\">\n\t\t\t\t<svg xmlns=\"http:\/\/www.w3.org\/2000\/svg\" width=\"25\" height=\"3\" viewBox=\"0 0 25 3\" fill=\"none\"><rect width=\"25\" height=\"3\" rx=\"1.5\" transform=\"matrix(1 0 0 -1 0 3)\" fill=\"#FFC82F\"><\/rect><\/svg>\t\t\t\t<\/span>\n\t\t\t<\/div>\n\t\t\t\n\t\t\t\t\t\t<div class=\"elementor-icon-box-content\">\n\n\t\t\t\t\t\t\t\t\t<h3 class=\"elementor-icon-box-title\">\n\t\t\t\t\t\t<span  >\n\t\t\t\t\t\t\tContacta con nosotros\t\t\t\t\t\t<\/span>\n\t\t\t\t\t<\/h3>\n\t\t\t\t\n\t\t\t\t\n\t\t\t<\/div>\n\t\t\t\n\t\t<\/div>\n\t\t\t\t\t\t<\/div>\n\t\t\t\t<\/div>\n\t\t\t\t<div class=\"elementor-element elementor-element-4a4c064 elementor-align-justify elementor-widget__width-initial elementor-widget elementor-widget-button\" data-id=\"4a4c064\" data-element_type=\"widget\" data-e-type=\"widget\" data-widget_type=\"button.default\">\n\t\t\t\t<div class=\"elementor-widget-container\">\n\t\t\t\t\t\t\t\t\t<div class=\"elementor-button-wrapper\">\n\t\t\t\t\t<a class=\"elementor-button elementor-button-link elementor-size-sm\" href=\"mailto:eurofirmsperu@eurofirms.com\">\n\t\t\t\t\t\t<span class=\"elementor-button-content-wrapper\">\n\t\t\t\t\t\t<span class=\"elementor-button-icon\">\n\t\t\t\t<i aria-hidden=\"true\" class=\"far fa-envelope\"><\/i>\t\t\t<\/span>\n\t\t\t\t\t\t\t\t\t<span class=\"elementor-button-text\"><b><u>eurofirmsperu@eurofirms.com<\/u><\/b><\/span>\n\t\t\t\t\t<\/span>\n\t\t\t\t\t<\/a>\n\t\t\t\t<\/div>\n\t\t\t\t\t\t\t\t<\/div>\n\t\t\t\t<\/div>\n\t\t\t\t<\/div>\n\t\t\t\t\t<\/div>\n\t\t\t\t<\/div>\n\t\t\t\t<\/div>\n\t\t\t\t<\/div>\n\t\t\t\t\t<\/div>\n\t\t\t\t<\/div>\n\t\t<div class=\"elementor-element elementor-element-fde938b e-con-full e-flex e-con e-parent\" data-id=\"fde938b\" data-element_type=\"container\" data-e-type=\"container\" data-settings=\"{&quot;jet_parallax_layout_list&quot;:[]}\">\n\t\t\t\t<\/div>\n\t\t<div class=\"elementor-element elementor-element-7e4a8ba e-con-full e-flex e-con e-parent\" data-id=\"7e4a8ba\" data-element_type=\"container\" data-e-type=\"container\" data-settings=\"{&quot;background_background&quot;:&quot;classic&quot;,&quot;jet_parallax_layout_list&quot;:[]}\">\n\t\t<div class=\"elementor-element elementor-element-cd42501 e-flex e-con-boxed e-con e-child\" data-id=\"cd42501\" data-element_type=\"container\" data-e-type=\"container\" data-settings=\"{&quot;jet_parallax_layout_list&quot;:[]}\">\n\t\t\t\t\t<div class=\"e-con-inner\">\n\t\t<div class=\"elementor-element elementor-element-4b3e8ff e-flex e-con-boxed e-con e-child\" data-id=\"4b3e8ff\" data-element_type=\"container\" data-e-type=\"container\" data-settings=\"{&quot;jet_parallax_layout_list&quot;:[]}\">\n\t\t\t\t\t<div class=\"e-con-inner\">\n\t\t<div class=\"elementor-element elementor-element-c2e7663 e-con-full e-flex e-con e-child\" data-id=\"c2e7663\" data-element_type=\"container\" data-e-type=\"container\" data-settings=\"{&quot;jet_parallax_layout_list&quot;:[]}\">\n\t\t\t\t<div class=\"elementor-element elementor-element-c13b7a6 elementor-widget elementor-widget-template\" data-id=\"c13b7a6\" data-element_type=\"widget\" data-e-type=\"widget\" data-widget_type=\"template.default\">\n\t\t\t\t<div class=\"elementor-widget-container\">\n\t\t\t\t\t\t\t<div class=\"elementor-template\">\n\t\t\t\t\t<div data-elementor-type=\"container\" data-elementor-id=\"98713\" class=\"elementor elementor-98713\" data-elementor-post-type=\"elementor_library\">\n\t\t\t\t<div class=\"elementor-element elementor-element-d733af8 e-con-full e-flex e-con e-parent\" data-id=\"d733af8\" data-element_type=\"container\" data-e-type=\"container\" data-settings=\"{&quot;jet_parallax_layout_list&quot;:[]}\">\n\t\t<div class=\"elementor-element elementor-element-4d6efe28 e-con-full e-flex e-con e-child\" data-id=\"4d6efe28\" data-element_type=\"container\" data-e-type=\"container\" data-settings=\"{&quot;background_background&quot;:&quot;classic&quot;,&quot;jet_parallax_layout_list&quot;:[]}\">\n\t\t<div class=\"elementor-element elementor-element-ee9be13 e-con-full e-flex e-con e-child\" data-id=\"ee9be13\" data-element_type=\"container\" data-e-type=\"container\" data-settings=\"{&quot;background_background&quot;:&quot;classic&quot;,&quot;jet_parallax_layout_list&quot;:[]}\">\n\t\t\t\t<div class=\"elementor-element elementor-element-41591b08 elementor-widget elementor-widget-heading\" data-id=\"41591b08\" data-element_type=\"widget\" data-e-type=\"widget\" data-widget_type=\"heading.default\">\n\t\t\t\t<div class=\"elementor-widget-container\">\n\t\t\t\t\t<h2 class=\"elementor-heading-title elementor-size-default\">Estoy buscando empleados<\/h2>\t\t\t\t<\/div>\n\t\t\t\t<\/div>\n\t\t\t\t<div class=\"elementor-element elementor-element-49e1ca66 elementor-align-center elementor-widget elementor-widget-button\" data-id=\"49e1ca66\" data-element_type=\"widget\" data-e-type=\"widget\" data-widget_type=\"button.default\">\n\t\t\t\t<div class=\"elementor-widget-container\">\n\t\t\t\t\t\t\t\t\t<div class=\"elementor-button-wrapper\">\n\t\t\t\t\t<a class=\"elementor-button elementor-button-link elementor-size-sm\" href=\"https:\/\/www.eurofirms.com\/pe\/es\/contacto-empresa\/\">\n\t\t\t\t\t\t<span class=\"elementor-button-content-wrapper\">\n\t\t\t\t\t\t\t\t\t<span class=\"elementor-button-text\">Contacta<\/span>\n\t\t\t\t\t<\/span>\n\t\t\t\t\t<\/a>\n\t\t\t\t<\/div>\n\t\t\t\t\t\t\t\t<\/div>\n\t\t\t\t<\/div>\n\t\t\t\t<\/div>\n\t\t<div class=\"elementor-element elementor-element-5e076745 e-con-full e-flex e-con e-child\" data-id=\"5e076745\" data-element_type=\"container\" data-e-type=\"container\" data-settings=\"{&quot;background_background&quot;:&quot;classic&quot;,&quot;jet_parallax_layout_list&quot;:[]}\">\n\t\t\t\t<div class=\"elementor-element elementor-element-6941c040 elementor-widget elementor-widget-heading\" data-id=\"6941c040\" data-element_type=\"widget\" data-e-type=\"widget\" data-widget_type=\"heading.default\">\n\t\t\t\t<div class=\"elementor-widget-container\">\n\t\t\t\t\t<h2 class=\"elementor-heading-title elementor-size-default\">Estoy buscando trabajo<\/h2>\t\t\t\t<\/div>\n\t\t\t\t<\/div>\n\t\t\t\t<div class=\"elementor-element elementor-element-67cb2055 elementor-align-center elementor-widget elementor-widget-button\" data-id=\"67cb2055\" data-element_type=\"widget\" data-e-type=\"widget\" data-widget_type=\"button.default\">\n\t\t\t\t<div class=\"elementor-widget-container\">\n\t\t\t\t\t\t\t\t\t<div class=\"elementor-button-wrapper\">\n\t\t\t\t\t<a class=\"elementor-button elementor-button-link elementor-size-sm\" href=\"https:\/\/www.eurofirms.com\/pe\/es\/contacto-candidato\/\">\n\t\t\t\t\t\t<span class=\"elementor-button-content-wrapper\">\n\t\t\t\t\t\t<span class=\"elementor-button-icon\">\n\t\t\t\t<i aria-hidden=\"true\" class=\"fas fa-search\"><\/i>\t\t\t<\/span>\n\t\t\t\t\t\t\t\t\t<span class=\"elementor-button-text\">Buscar ofertas<\/span>\n\t\t\t\t\t<\/span>\n\t\t\t\t\t<\/a>\n\t\t\t\t<\/div>\n\t\t\t\t\t\t\t\t<\/div>\n\t\t\t\t<\/div>\n\t\t\t\t<\/div>\n\t\t\t\t<\/div>\n\t\t\t\t<\/div>\n\t\t\t\t<\/div>\n\t\t\t\t<\/div>\n\t\t\t\t\t\t<\/div>\n\t\t\t\t<\/div>\n\t\t\t\t<\/div>\n\t\t\t\t\t<\/div>\n\t\t\t\t<\/div>\n\t\t\t\t\t<\/div>\n\t\t\t\t<\/div>\n\t\t\t\t<\/div>\n\t\t<div class=\"elementor-element elementor-element-aa8cafe e-con-full e-flex e-con e-parent\" data-id=\"aa8cafe\" data-element_type=\"container\" data-e-type=\"container\" data-settings=\"{&quot;jet_parallax_layout_list&quot;:[],&quot;background_background&quot;:&quot;classic&quot;}\">\n\t\t<div class=\"elementor-element elementor-element-d637a35 e-flex e-con-boxed e-con e-child\" data-id=\"d637a35\" data-element_type=\"container\" data-e-type=\"container\" data-settings=\"{&quot;jet_parallax_layout_list&quot;:[]}\">\n\t\t\t\t\t<div class=\"e-con-inner\">\n\t\t<div class=\"elementor-element elementor-element-5cbba6d e-flex e-con-boxed e-con e-child\" data-id=\"5cbba6d\" data-element_type=\"container\" data-e-type=\"container\" data-settings=\"{&quot;jet_parallax_layout_list&quot;:[]}\">\n\t\t\t\t\t<div class=\"e-con-inner\">\n\t\t<div class=\"elementor-element elementor-element-38376f1 e-con-full e-flex e-con e-child\" data-id=\"38376f1\" data-element_type=\"container\" data-e-type=\"container\" data-settings=\"{&quot;jet_parallax_layout_list&quot;:[]}\">\n\t\t\t\t<div class=\"elementor-element elementor-element-c975135 elementor-widget__width-initial elementor-view-default elementor-position-block-start elementor-mobile-position-block-start elementor-widget elementor-widget-icon-box\" data-id=\"c975135\" data-element_type=\"widget\" data-e-type=\"widget\" data-widget_type=\"icon-box.default\">\n\t\t\t\t<div class=\"elementor-widget-container\">\n\t\t\t\t\t\t\t<div class=\"elementor-icon-box-wrapper\">\n\n\t\t\t\t\t\t<div class=\"elementor-icon-box-icon\">\n\t\t\t\t<span  class=\"elementor-icon\">\n\t\t\t\t<svg xmlns=\"http:\/\/www.w3.org\/2000\/svg\" width=\"25\" height=\"3\" viewBox=\"0 0 25 3\" fill=\"none\"><rect width=\"25\" height=\"3\" rx=\"1.5\" transform=\"matrix(1 0 0 -1 0 3)\" fill=\"#FFC82F\"><\/rect><\/svg>\t\t\t\t<\/span>\n\t\t\t<\/div>\n\t\t\t\n\t\t\t\t\t\t<div class=\"elementor-icon-box-content\">\n\n\t\t\t\t\t\t\t\t\t<h3 class=\"elementor-icon-box-title\">\n\t\t\t\t\t\t<span  >\n\t\t\t\t\t\t\tEncuentra tu oficina m\u00e1s cercana\t\t\t\t\t\t<\/span>\n\t\t\t\t\t<\/h3>\n\t\t\t\t\n\t\t\t\t\n\t\t\t<\/div>\n\t\t\t\n\t\t<\/div>\n\t\t\t\t\t\t<\/div>\n\t\t\t\t<\/div>\n\t\t\t\t<div class=\"elementor-element elementor-element-e5311d9 elementor-widget__width-initial elementor-widget elementor-widget-text-editor\" data-id=\"e5311d9\" data-element_type=\"widget\" data-e-type=\"widget\" data-widget_type=\"text-editor.default\">\n\t\t\t\t<div class=\"elementor-widget-container\">\n\t\t\t\t\t\t\t\t\t<p>Contamos con una red de m\u00e1s de 150 oficinas en 7 pa\u00edses que funcionan como puntos de encuentro entre el talento y las oportunidades. En cada una de ellas, te ayudaremos a encontrar el trabajo o empleado que est\u00e1s buscando.<\/p>\t\t\t\t\t\t\t\t<\/div>\n\t\t\t\t<\/div>\n\t\t\t\t<div class=\"elementor-element elementor-element-96594ac elementor-align-left elementor-widget__width-initial elementor-widget-mobile__width-initial elementor-widget elementor-widget-button\" data-id=\"96594ac\" data-element_type=\"widget\" data-e-type=\"widget\" data-widget_type=\"button.default\">\n\t\t\t\t<div class=\"elementor-widget-container\">\n\t\t\t\t\t\t\t\t\t<div class=\"elementor-button-wrapper\">\n\t\t\t\t\t<a class=\"elementor-button elementor-button-link elementor-size-sm\" href=\"https:\/\/www.eurofirms.com\/pe\/es\/sobre-nosotros\/oficinas\/\">\n\t\t\t\t\t\t<span class=\"elementor-button-content-wrapper\">\n\t\t\t\t\t\t\t\t\t<span class=\"elementor-button-text\">Ver oficinas<\/span>\n\t\t\t\t\t<\/span>\n\t\t\t\t\t<\/a>\n\t\t\t\t<\/div>\n\t\t\t\t\t\t\t\t<\/div>\n\t\t\t\t<\/div>\n\t\t\t\t<\/div>\n\t\t<div class=\"elementor-element elementor-element-48f1f02 e-con-full e-flex e-con e-child\" data-id=\"48f1f02\" data-element_type=\"container\" data-e-type=\"container\" data-settings=\"{&quot;background_background&quot;:&quot;classic&quot;,&quot;jet_parallax_layout_list&quot;:[]}\">\n\t\t\t\t<\/div>\n\t\t\t\t\t<\/div>\n\t\t\t\t<\/div>\n\t\t\t\t\t<\/div>\n\t\t\t\t<\/div>\n\t\t\t\t<\/div>\n\t\t\t\t<\/div>\n\t\t","protected":false},"excerpt":{"rendered":"<p>Contacta con nosotros eurofirmsperu@eurofirms.com Encuentra tu oficina m\u00e1s cercana Contamos con una red de m\u00e1s de 150 oficinas en 7 pa\u00edses que funcionan como puntos de encuentro entre el talento y las oportunidades. En cada una de ellas, te ayudaremos a encontrar el trabajo o empleado que est\u00e1s buscando. Ver oficinas<\/p>\n","protected":false},"author":8,"featured_media":0,"parent":0,"menu_order":20,"comment_status":"closed","ping_status":"closed","template":"","meta":{"footnotes":""},"class_list":["post-98192","page","type-page","status-publish","hentry"],"acf":[],"yoast_head":"<!-- This site is optimized with the Yoast SEO plugin v27.4 - https:\/\/yoast.com\/product\/yoast-seo-wordpress\/ -->\n<title>Contacto - Eurofirms Per\u00fa<\/title>\n<meta name=\"robots\" content=\"index, follow, max-snippet:-1, max-image-preview:large, max-video-preview:-1\" \/>\n<link rel=\"canonical\" href=\"https:\/\/www.eurofirms.com\/pe\/es\/contacto\/\" \/>\n<meta property=\"og:locale\" content=\"es_ES\" \/>\n<meta property=\"og:type\" content=\"article\" \/>\n<meta property=\"og:title\" content=\"Contacto - Eurofirms Per\u00fa\" \/>\n<meta property=\"og:description\" content=\"Contacta con nosotros eurofirmsperu@eurofirms.com Encuentra tu oficina m\u00e1s cercana Contamos con una red de m\u00e1s de 150 oficinas en 7 pa\u00edses que funcionan como puntos de encuentro entre el talento y las oportunidades. En cada una de ellas, te ayudaremos a encontrar el trabajo o empleado que est\u00e1s buscando. Ver oficinas\" \/>\n<meta property=\"og:url\" content=\"https:\/\/www.eurofirms.com\/pe\/es\/contacto\/\" \/>\n<meta property=\"og:site_name\" content=\"Eurofirms Per\u00fa\" \/>\n<meta property=\"article:modified_time\" content=\"2026-01-12T11:33:33+00:00\" \/>\n<meta name=\"twitter:card\" content=\"summary_large_image\" \/>\n<meta name=\"twitter:label1\" content=\"Tiempo de lectura\" \/>\n\t<meta name=\"twitter:data1\" content=\"1 minuto\" \/>\n<script type=\"application\/ld+json\" class=\"yoast-schema-graph\">{\"@context\":\"https:\\\/\\\/schema.org\",\"@graph\":[{\"@type\":\"WebPage\",\"@id\":\"https:\\\/\\\/www.eurofirms.com\\\/pe\\\/es\\\/contacto\\\/\",\"url\":\"https:\\\/\\\/www.eurofirms.com\\\/pe\\\/es\\\/contacto\\\/\",\"name\":\"Contacto - Eurofirms Per\u00fa\",\"isPartOf\":{\"@id\":\"https:\\\/\\\/www.eurofirms.com\\\/pe\\\/es\\\/#website\"},\"datePublished\":\"2025-08-12T12:09:59+00:00\",\"dateModified\":\"2026-01-12T11:33:33+00:00\",\"breadcrumb\":{\"@id\":\"https:\\\/\\\/www.eurofirms.com\\\/pe\\\/es\\\/contacto\\\/#breadcrumb\"},\"inLanguage\":\"es\",\"potentialAction\":[{\"@type\":\"ReadAction\",\"target\":[\"https:\\\/\\\/www.eurofirms.com\\\/pe\\\/es\\\/contacto\\\/\"]}]},{\"@type\":\"BreadcrumbList\",\"@id\":\"https:\\\/\\\/www.eurofirms.com\\\/pe\\\/es\\\/contacto\\\/#breadcrumb\",\"itemListElement\":[{\"@type\":\"ListItem\",\"position\":1,\"name\":\"Home\",\"item\":\"https:\\\/\\\/www.eurofirms.com\\\/pe\\\/es\\\/\"},{\"@type\":\"ListItem\",\"position\":2,\"name\":\"Contacto\"}]},{\"@type\":\"WebSite\",\"@id\":\"https:\\\/\\\/www.eurofirms.com\\\/pe\\\/es\\\/#website\",\"url\":\"https:\\\/\\\/www.eurofirms.com\\\/pe\\\/es\\\/\",\"name\":\"Eurofirms Per\u00fa\",\"description\":\"Eurofirms\",\"publisher\":{\"@id\":\"https:\\\/\\\/www.eurofirms.com\\\/pe\\\/es\\\/#organization\"},\"potentialAction\":[{\"@type\":\"SearchAction\",\"target\":{\"@type\":\"EntryPoint\",\"urlTemplate\":\"https:\\\/\\\/www.eurofirms.com\\\/pe\\\/es\\\/?s={search_term_string}\"},\"query-input\":{\"@type\":\"PropertyValueSpecification\",\"valueRequired\":true,\"valueName\":\"search_term_string\"}}],\"inLanguage\":\"es\"},{\"@type\":\"Organization\",\"@id\":\"https:\\\/\\\/www.eurofirms.com\\\/pe\\\/es\\\/#organization\",\"name\":\"Eurofirms Per\u00fa\",\"url\":\"https:\\\/\\\/www.eurofirms.com\\\/pe\\\/es\\\/\",\"logo\":{\"@type\":\"ImageObject\",\"inLanguage\":\"es\",\"@id\":\"https:\\\/\\\/www.eurofirms.com\\\/pe\\\/es\\\/#\\\/schema\\\/logo\\\/image\\\/\",\"url\":\"https:\\\/\\\/www.eurofirms.com\\\/pe\\\/wp-content\\\/uploads\\\/sites\\\/9\\\/2025\\\/02\\\/Eurofirms-logo.svg\",\"contentUrl\":\"https:\\\/\\\/www.eurofirms.com\\\/pe\\\/wp-content\\\/uploads\\\/sites\\\/9\\\/2025\\\/02\\\/Eurofirms-logo.svg\",\"width\":130,\"height\":38,\"caption\":\"Eurofirms Per\u00fa\"},\"image\":{\"@id\":\"https:\\\/\\\/www.eurofirms.com\\\/pe\\\/es\\\/#\\\/schema\\\/logo\\\/image\\\/\"}}]}<\/script>\n<!-- \/ Yoast SEO plugin. -->","yoast_head_json":{"title":"Contacto - Eurofirms Per\u00fa","robots":{"index":"index","follow":"follow","max-snippet":"max-snippet:-1","max-image-preview":"max-image-preview:large","max-video-preview":"max-video-preview:-1"},"canonical":"https:\/\/www.eurofirms.com\/pe\/es\/contacto\/","og_locale":"es_ES","og_type":"article","og_title":"Contacto - Eurofirms Per\u00fa","og_description":"Contacta con nosotros eurofirmsperu@eurofirms.com Encuentra tu oficina m\u00e1s cercana Contamos con una red de m\u00e1s de 150 oficinas en 7 pa\u00edses que funcionan como puntos de encuentro entre el talento y las oportunidades. En cada una de ellas, te ayudaremos a encontrar el trabajo o empleado que est\u00e1s buscando. Ver oficinas","og_url":"https:\/\/www.eurofirms.com\/pe\/es\/contacto\/","og_site_name":"Eurofirms Per\u00fa","article_modified_time":"2026-01-12T11:33:33+00:00","twitter_card":"summary_large_image","twitter_misc":{"Tiempo de lectura":"1 minuto"},"schema":{"@context":"https:\/\/schema.org","@graph":[{"@type":"WebPage","@id":"https:\/\/www.eurofirms.com\/pe\/es\/contacto\/","url":"https:\/\/www.eurofirms.com\/pe\/es\/contacto\/","name":"Contacto - Eurofirms Per\u00fa","isPartOf":{"@id":"https:\/\/www.eurofirms.com\/pe\/es\/#website"},"datePublished":"2025-08-12T12:09:59+00:00","dateModified":"2026-01-12T11:33:33+00:00","breadcrumb":{"@id":"https:\/\/www.eurofirms.com\/pe\/es\/contacto\/#breadcrumb"},"inLanguage":"es","potentialAction":[{"@type":"ReadAction","target":["https:\/\/www.eurofirms.com\/pe\/es\/contacto\/"]}]},{"@type":"BreadcrumbList","@id":"https:\/\/www.eurofirms.com\/pe\/es\/contacto\/#breadcrumb","itemListElement":[{"@type":"ListItem","position":1,"name":"Home","item":"https:\/\/www.eurofirms.com\/pe\/es\/"},{"@type":"ListItem","position":2,"name":"Contacto"}]},{"@type":"WebSite","@id":"https:\/\/www.eurofirms.com\/pe\/es\/#website","url":"https:\/\/www.eurofirms.com\/pe\/es\/","name":"Eurofirms Per\u00fa","description":"Eurofirms","publisher":{"@id":"https:\/\/www.eurofirms.com\/pe\/es\/#organization"},"potentialAction":[{"@type":"SearchAction","target":{"@type":"EntryPoint","urlTemplate":"https:\/\/www.eurofirms.com\/pe\/es\/?s={search_term_string}"},"query-input":{"@type":"PropertyValueSpecification","valueRequired":true,"valueName":"search_term_string"}}],"inLanguage":"es"},{"@type":"Organization","@id":"https:\/\/www.eurofirms.com\/pe\/es\/#organization","name":"Eurofirms Per\u00fa","url":"https:\/\/www.eurofirms.com\/pe\/es\/","logo":{"@type":"ImageObject","inLanguage":"es","@id":"https:\/\/www.eurofirms.com\/pe\/es\/#\/schema\/logo\/image\/","url":"https:\/\/www.eurofirms.com\/pe\/wp-content\/uploads\/sites\/9\/2025\/02\/Eurofirms-logo.svg","contentUrl":"https:\/\/www.eurofirms.com\/pe\/wp-content\/uploads\/sites\/9\/2025\/02\/Eurofirms-logo.svg","width":130,"height":38,"caption":"Eurofirms Per\u00fa"},"image":{"@id":"https:\/\/www.eurofirms.com\/pe\/es\/#\/schema\/logo\/image\/"}}]}},"_links":{"self":[{"href":"https:\/\/www.eurofirms.com\/pe\/es\/wp-json\/wp\/v2\/pages\/98192","targetHints":{"allow":["GET"]}}],"collection":[{"href":"https:\/\/www.eurofirms.com\/pe\/es\/wp-json\/wp\/v2\/pages"}],"about":[{"href":"https:\/\/www.eurofirms.com\/pe\/es\/wp-json\/wp\/v2\/types\/page"}],"author":[{"embeddable":true,"href":"https:\/\/www.eurofirms.com\/pe\/es\/wp-json\/wp\/v2\/users\/8"}],"replies":[{"embeddable":true,"href":"https:\/\/www.eurofirms.com\/pe\/es\/wp-json\/wp\/v2\/comments?post=98192"}],"version-history":[{"count":0,"href":"https:\/\/www.eurofirms.com\/pe\/es\/wp-json\/wp\/v2\/pages\/98192\/revisions"}],"wp:attachment":[{"href":"https:\/\/www.eurofirms.com\/pe\/es\/wp-json\/wp\/v2\/media?parent=98192"}],"curies":[{"name":"wp","href":"https:\/\/api.w.org\/{rel}","templated":true}]}}