{"id":98193,"date":"2025-08-12T14:09:59","date_gmt":"2025-08-12T12:09:59","guid":{"rendered":"https:\/\/www.eurofirms.com\/es\/?page_id=98193"},"modified":"2025-09-25T12:44:41","modified_gmt":"2025-09-25T10:44:41","slug":"contacte","status":"publish","type":"page","link":"https:\/\/www.eurofirms.com\/es\/ca\/contacte\/","title":{"rendered":"Contacte"},"content":{"rendered":"\t\t<div data-elementor-type=\"wp-page\" data-elementor-id=\"98193\" class=\"elementor elementor-98193 elementor-98192\" data-elementor-post-type=\"page\">\n\t\t\t\t<div class=\"elementor-element elementor-element-b7315d0 e-flex e-con-boxed e-con e-parent\" data-id=\"b7315d0\" data-element_type=\"container\" data-e-type=\"container\" data-settings=\"{&quot;background_background&quot;:&quot;gradient&quot;,&quot;jet_parallax_layout_list&quot;:[]}\">\n\t\t\t\t\t<div class=\"e-con-inner\">\n\t\t<div class=\"elementor-element elementor-element-642c96e e-con-full e-flex e-con e-child\" data-id=\"642c96e\" data-element_type=\"container\" data-e-type=\"container\" data-settings=\"{&quot;jet_parallax_layout_list&quot;:[]}\">\n\t\t<div class=\"elementor-element elementor-element-3c31ae4 e-con-full e-flex e-con e-child\" data-id=\"3c31ae4\" data-element_type=\"container\" data-e-type=\"container\" data-settings=\"{&quot;jet_parallax_layout_list&quot;:[]}\">\n\t\t<div class=\"elementor-element elementor-element-680dcbd e-flex e-con-boxed e-con e-child\" data-id=\"680dcbd\" data-element_type=\"container\" data-e-type=\"container\" data-settings=\"{&quot;jet_parallax_layout_list&quot;:[]}\">\n\t\t\t\t\t<div class=\"e-con-inner\">\n\t\t<div class=\"elementor-element elementor-element-70f58ed e-con-full e-flex e-con e-child\" data-id=\"70f58ed\" data-element_type=\"container\" data-e-type=\"container\" data-settings=\"{&quot;jet_parallax_layout_list&quot;:[]}\">\n\t\t\t\t<div class=\"elementor-element elementor-element-0e39d28 elementor-widget__width-initial elementor-view-default elementor-position-block-start elementor-mobile-position-block-start elementor-widget elementor-widget-icon-box\" data-id=\"0e39d28\" data-element_type=\"widget\" data-e-type=\"widget\" data-widget_type=\"icon-box.default\">\n\t\t\t\t<div class=\"elementor-widget-container\">\n\t\t\t\t\t\t\t<div class=\"elementor-icon-box-wrapper\">\n\n\t\t\t\t\t\t<div class=\"elementor-icon-box-icon\">\n\t\t\t\t<span  class=\"elementor-icon\">\n\t\t\t\t<svg xmlns=\"http:\/\/www.w3.org\/2000\/svg\" width=\"25\" height=\"3\" viewBox=\"0 0 25 3\" fill=\"none\"><rect width=\"25\" height=\"3\" rx=\"1.5\" transform=\"matrix(1 0 0 -1 0 3)\" fill=\"#FFC82F\"><\/rect><\/svg>\t\t\t\t<\/span>\n\t\t\t<\/div>\n\t\t\t\n\t\t\t\t\t\t<div class=\"elementor-icon-box-content\">\n\n\t\t\t\t\t\t\t\t\t<h3 class=\"elementor-icon-box-title\">\n\t\t\t\t\t\t<span  >\n\t\t\t\t\t\t\tContacta amb nosaltres\t\t\t\t\t\t<\/span>\n\t\t\t\t\t<\/h3>\n\t\t\t\t\n\t\t\t\t\n\t\t\t<\/div>\n\t\t\t\n\t\t<\/div>\n\t\t\t\t\t\t<\/div>\n\t\t\t\t<\/div>\n\t\t\t\t<div class=\"elementor-element elementor-element-4a4c064 elementor-align-justify elementor-widget__width-initial elementor-widget elementor-widget-button\" data-id=\"4a4c064\" data-element_type=\"widget\" data-e-type=\"widget\" data-widget_type=\"button.default\">\n\t\t\t\t<div class=\"elementor-widget-container\">\n\t\t\t\t\t\t\t\t\t<div class=\"elementor-button-wrapper\">\n\t\t\t\t\t<a class=\"elementor-button elementor-button-link elementor-size-sm\" href=\"tel:+34902181010\">\n\t\t\t\t\t\t<span class=\"elementor-button-content-wrapper\">\n\t\t\t\t\t\t<span class=\"elementor-button-icon\">\n\t\t\t\t<svg xmlns=\"http:\/\/www.w3.org\/2000\/svg\" width=\"13\" height=\"23\" viewBox=\"0 0 13 23\" fill=\"none\"><path d=\"M12.152 18.0217H0.847656\" stroke=\"#1098F9\" stroke-width=\"1.5\" stroke-linecap=\"round\" stroke-linejoin=\"round\"><\/path><path d=\"M6.49983 19.1086C6.37084 19.1086 6.24475 19.1469 6.1375 19.2186C6.03025 19.2902 5.94666 19.3921 5.8973 19.5112C5.84794 19.6304 5.83502 19.7615 5.86019 19.8881C5.88535 20.0146 5.94747 20.1308 6.03867 20.222C6.12988 20.3132 6.24609 20.3753 6.3726 20.4005C6.49911 20.4256 6.63024 20.4127 6.74941 20.3633C6.86858 20.314 6.97043 20.2304 7.04209 20.1231C7.11375 20.0159 7.152 19.8898 7.152 19.7608C7.15212 19.6751 7.13533 19.5903 7.10259 19.5111C7.06986 19.4319 7.02182 19.36 6.96124 19.2994C6.90066 19.2388 6.82872 19.1908 6.74954 19.1581C6.67037 19.1253 6.58551 19.1085 6.49983 19.1086Z\" fill=\"#1098F9\"><\/path><path d=\"M10.4129 1.5H2.58679C1.62629 1.5 0.847656 2.27864 0.847656 3.23913V19.7609C0.847656 20.7214 1.62629 21.5 2.58679 21.5H10.4129C11.3734 21.5 12.152 20.7214 12.152 19.7609V3.23913C12.152 2.27864 11.3734 1.5 10.4129 1.5Z\" stroke=\"#1098F9\" stroke-width=\"1.5\" stroke-linecap=\"round\" stroke-linejoin=\"round\"><\/path><\/svg>\t\t\t<\/span>\n\t\t\t\t\t\t\t\t\t<span class=\"elementor-button-text\">truca'ns al <b><u>902 18 10 10<\/u><\/b><\/span>\n\t\t\t\t\t<\/span>\n\t\t\t\t\t<\/a>\n\t\t\t\t<\/div>\n\t\t\t\t\t\t\t\t<\/div>\n\t\t\t\t<\/div>\n\t\t\t\t<\/div>\n\t\t\t\t\t<\/div>\n\t\t\t\t<\/div>\n\t\t\t\t<\/div>\n\t\t\t\t<\/div>\n\t\t\t\t\t<\/div>\n\t\t\t\t<\/div>\n\t\t<div class=\"elementor-element elementor-element-fde938b e-con-full e-flex e-con e-parent\" data-id=\"fde938b\" data-element_type=\"container\" data-e-type=\"container\" data-settings=\"{&quot;jet_parallax_layout_list&quot;:[]}\">\n\t\t\t\t<\/div>\n\t\t<div class=\"elementor-element elementor-element-7e4a8ba e-con-full e-flex e-con e-parent\" data-id=\"7e4a8ba\" data-element_type=\"container\" data-e-type=\"container\" data-settings=\"{&quot;background_background&quot;:&quot;classic&quot;,&quot;jet_parallax_layout_list&quot;:[]}\">\n\t\t<div class=\"elementor-element elementor-element-cd42501 e-flex e-con-boxed e-con e-child\" data-id=\"cd42501\" data-element_type=\"container\" data-e-type=\"container\" data-settings=\"{&quot;jet_parallax_layout_list&quot;:[]}\">\n\t\t\t\t\t<div class=\"e-con-inner\">\n\t\t<div class=\"elementor-element elementor-element-4b3e8ff e-flex e-con-boxed e-con e-child\" data-id=\"4b3e8ff\" data-element_type=\"container\" data-e-type=\"container\" data-settings=\"{&quot;jet_parallax_layout_list&quot;:[]}\">\n\t\t\t\t\t<div class=\"e-con-inner\">\n\t\t<div class=\"elementor-element elementor-element-c2e7663 e-con-full e-flex e-con e-child\" data-id=\"c2e7663\" data-element_type=\"container\" data-e-type=\"container\" data-settings=\"{&quot;jet_parallax_layout_list&quot;:[]}\">\n\t\t\t\t<div class=\"elementor-element elementor-element-c13b7a6 elementor-widget elementor-widget-template\" data-id=\"c13b7a6\" data-element_type=\"widget\" data-e-type=\"widget\" data-widget_type=\"template.default\">\n\t\t\t\t<div class=\"elementor-widget-container\">\n\t\t\t\t\t\t\t<div class=\"elementor-template\">\n\t\t\t\t\t<div data-elementor-type=\"container\" data-elementor-id=\"98811\" class=\"elementor elementor-98811 elementor-98713 elementor-98713\" data-elementor-post-type=\"elementor_library\">\n\t\t\t\t<div class=\"elementor-element elementor-element-d733af8 e-con-full e-flex e-con e-parent\" data-id=\"d733af8\" data-element_type=\"container\" data-e-type=\"container\" data-settings=\"{&quot;jet_parallax_layout_list&quot;:[]}\">\n\t\t<div class=\"elementor-element elementor-element-4d6efe28 e-con-full e-flex e-con e-child\" data-id=\"4d6efe28\" data-element_type=\"container\" data-e-type=\"container\" data-settings=\"{&quot;background_background&quot;:&quot;classic&quot;,&quot;jet_parallax_layout_list&quot;:[]}\">\n\t\t<div class=\"elementor-element elementor-element-ee9be13 e-con-full e-flex e-con e-child\" data-id=\"ee9be13\" data-element_type=\"container\" data-e-type=\"container\" data-settings=\"{&quot;background_background&quot;:&quot;classic&quot;,&quot;jet_parallax_layout_list&quot;:[]}\">\n\t\t\t\t<div class=\"elementor-element elementor-element-41591b08 elementor-widget elementor-widget-heading\" data-id=\"41591b08\" data-element_type=\"widget\" data-e-type=\"widget\" data-widget_type=\"heading.default\">\n\t\t\t\t<div class=\"elementor-widget-container\">\n\t\t\t\t\t<h2 class=\"elementor-heading-title elementor-size-default\">Estic buscant empleats<\/h2>\t\t\t\t<\/div>\n\t\t\t\t<\/div>\n\t\t\t\t<div class=\"elementor-element elementor-element-49e1ca66 elementor-align-center elementor-widget elementor-widget-button\" data-id=\"49e1ca66\" data-element_type=\"widget\" data-e-type=\"widget\" data-widget_type=\"button.default\">\n\t\t\t\t<div class=\"elementor-widget-container\">\n\t\t\t\t\t\t\t\t\t<div class=\"elementor-button-wrapper\">\n\t\t\t\t\t<a class=\"elementor-button elementor-button-link elementor-size-sm\" href=\"https:\/\/www.eurofirms.com\/es\/ca\/contacte-empreses\/\">\n\t\t\t\t\t\t<span class=\"elementor-button-content-wrapper\">\n\t\t\t\t\t\t\t\t\t<span class=\"elementor-button-text\">Contacte<\/span>\n\t\t\t\t\t<\/span>\n\t\t\t\t\t<\/a>\n\t\t\t\t<\/div>\n\t\t\t\t\t\t\t\t<\/div>\n\t\t\t\t<\/div>\n\t\t\t\t<\/div>\n\t\t<div class=\"elementor-element elementor-element-5e076745 e-con-full e-flex e-con e-child\" data-id=\"5e076745\" data-element_type=\"container\" data-e-type=\"container\" data-settings=\"{&quot;background_background&quot;:&quot;classic&quot;,&quot;jet_parallax_layout_list&quot;:[]}\">\n\t\t\t\t<div class=\"elementor-element elementor-element-6941c040 elementor-widget elementor-widget-heading\" data-id=\"6941c040\" data-element_type=\"widget\" data-e-type=\"widget\" data-widget_type=\"heading.default\">\n\t\t\t\t<div class=\"elementor-widget-container\">\n\t\t\t\t\t<h2 class=\"elementor-heading-title elementor-size-default\">Estic buscant treball<\/h2>\t\t\t\t<\/div>\n\t\t\t\t<\/div>\n\t\t\t\t<div class=\"elementor-element elementor-element-67cb2055 elementor-align-center elementor-widget elementor-widget-button\" data-id=\"67cb2055\" data-element_type=\"widget\" data-e-type=\"widget\" data-widget_type=\"button.default\">\n\t\t\t\t<div class=\"elementor-widget-container\">\n\t\t\t\t\t\t\t\t\t<div class=\"elementor-button-wrapper\">\n\t\t\t\t\t<a class=\"elementor-button elementor-button-link elementor-size-sm\" href=\"https:\/\/www.eurofirms.com\/es\/ca\/contacte-candidat\/\">\n\t\t\t\t\t\t<span class=\"elementor-button-content-wrapper\">\n\t\t\t\t\t\t<span class=\"elementor-button-icon\">\n\t\t\t\t<i aria-hidden=\"true\" class=\"fas fa-search\"><\/i>\t\t\t<\/span>\n\t\t\t\t\t\t\t\t\t<span class=\"elementor-button-text\">Buscar ofertes<\/span>\n\t\t\t\t\t<\/span>\n\t\t\t\t\t<\/a>\n\t\t\t\t<\/div>\n\t\t\t\t\t\t\t\t<\/div>\n\t\t\t\t<\/div>\n\t\t\t\t<\/div>\n\t\t\t\t<\/div>\n\t\t\t\t<\/div>\n\t\t\t\t<\/div>\n\t\t\t\t<\/div>\n\t\t\t\t\t\t<\/div>\n\t\t\t\t<\/div>\n\t\t\t\t<\/div>\n\t\t\t\t\t<\/div>\n\t\t\t\t<\/div>\n\t\t\t\t\t<\/div>\n\t\t\t\t<\/div>\n\t\t\t\t<\/div>\n\t\t<div class=\"elementor-element elementor-element-aa8cafe e-con-full e-flex e-con e-parent\" data-id=\"aa8cafe\" data-element_type=\"container\" data-e-type=\"container\" data-settings=\"{&quot;jet_parallax_layout_list&quot;:[],&quot;background_background&quot;:&quot;classic&quot;}\">\n\t\t<div class=\"elementor-element elementor-element-d637a35 e-flex e-con-boxed e-con e-child\" data-id=\"d637a35\" data-element_type=\"container\" data-e-type=\"container\" data-settings=\"{&quot;jet_parallax_layout_list&quot;:[]}\">\n\t\t\t\t\t<div class=\"e-con-inner\">\n\t\t<div class=\"elementor-element elementor-element-5cbba6d e-flex e-con-boxed e-con e-child\" data-id=\"5cbba6d\" data-element_type=\"container\" data-e-type=\"container\" data-settings=\"{&quot;jet_parallax_layout_list&quot;:[]}\">\n\t\t\t\t\t<div class=\"e-con-inner\">\n\t\t<div class=\"elementor-element elementor-element-38376f1 e-con-full e-flex e-con e-child\" data-id=\"38376f1\" data-element_type=\"container\" data-e-type=\"container\" data-settings=\"{&quot;jet_parallax_layout_list&quot;:[]}\">\n\t\t\t\t<div class=\"elementor-element elementor-element-c975135 elementor-widget__width-initial elementor-view-default elementor-position-block-start elementor-mobile-position-block-start elementor-widget elementor-widget-icon-box\" data-id=\"c975135\" data-element_type=\"widget\" data-e-type=\"widget\" data-widget_type=\"icon-box.default\">\n\t\t\t\t<div class=\"elementor-widget-container\">\n\t\t\t\t\t\t\t<div class=\"elementor-icon-box-wrapper\">\n\n\t\t\t\t\t\t<div class=\"elementor-icon-box-icon\">\n\t\t\t\t<span  class=\"elementor-icon\">\n\t\t\t\t<svg xmlns=\"http:\/\/www.w3.org\/2000\/svg\" width=\"25\" height=\"3\" viewBox=\"0 0 25 3\" fill=\"none\"><rect width=\"25\" height=\"3\" rx=\"1.5\" transform=\"matrix(1 0 0 -1 0 3)\" fill=\"#FFC82F\"><\/rect><\/svg>\t\t\t\t<\/span>\n\t\t\t<\/div>\n\t\t\t\n\t\t\t\t\t\t<div class=\"elementor-icon-box-content\">\n\n\t\t\t\t\t\t\t\t\t<h3 class=\"elementor-icon-box-title\">\n\t\t\t\t\t\t<span  >\n\t\t\t\t\t\t\tTroba la teva oficina m\u00e9s propera\t\t\t\t\t\t<\/span>\n\t\t\t\t\t<\/h3>\n\t\t\t\t\n\t\t\t\t\n\t\t\t<\/div>\n\t\t\t\n\t\t<\/div>\n\t\t\t\t\t\t<\/div>\n\t\t\t\t<\/div>\n\t\t\t\t<div class=\"elementor-element elementor-element-e5311d9 elementor-widget__width-initial elementor-widget elementor-widget-text-editor\" data-id=\"e5311d9\" data-element_type=\"widget\" data-e-type=\"widget\" data-widget_type=\"text-editor.default\">\n\t\t\t\t<div class=\"elementor-widget-container\">\n\t\t\t\t\t\t\t\t\t<p>Comptem amb una xarxa de m\u00e9s de 150 oficines a 7 pa\u00efsos que funcionen com a punts de trobada entre el talent i les oportunitats. A cadascuna, t\u2019ajudarem a trobar la feina o empleat que est\u00e0s buscant. <\/p>\t\t\t\t\t\t\t\t<\/div>\n\t\t\t\t<\/div>\n\t\t\t\t<div class=\"elementor-element elementor-element-96594ac elementor-align-left elementor-widget__width-initial elementor-widget-mobile__width-initial elementor-widget elementor-widget-button\" data-id=\"96594ac\" data-element_type=\"widget\" data-e-type=\"widget\" data-widget_type=\"button.default\">\n\t\t\t\t<div class=\"elementor-widget-container\">\n\t\t\t\t\t\t\t\t\t<div class=\"elementor-button-wrapper\">\n\t\t\t\t\t<a class=\"elementor-button elementor-button-link elementor-size-sm\" href=\"https:\/\/www.eurofirms.com\/es\/ca\/sobre-nosaltres\/oficines\/\">\n\t\t\t\t\t\t<span class=\"elementor-button-content-wrapper\">\n\t\t\t\t\t\t\t\t\t<span class=\"elementor-button-text\">Veure oficines<\/span>\n\t\t\t\t\t<\/span>\n\t\t\t\t\t<\/a>\n\t\t\t\t<\/div>\n\t\t\t\t\t\t\t\t<\/div>\n\t\t\t\t<\/div>\n\t\t\t\t<\/div>\n\t\t<div class=\"elementor-element elementor-element-48f1f02 e-con-full e-flex e-con e-child\" data-id=\"48f1f02\" data-element_type=\"container\" data-e-type=\"container\" data-settings=\"{&quot;background_background&quot;:&quot;classic&quot;,&quot;jet_parallax_layout_list&quot;:[]}\">\n\t\t\t\t<\/div>\n\t\t\t\t\t<\/div>\n\t\t\t\t<\/div>\n\t\t\t\t\t<\/div>\n\t\t\t\t<\/div>\n\t\t\t\t<\/div>\n\t\t\t\t<\/div>\n\t\t","protected":false},"excerpt":{"rendered":"<p>Contacta amb nosaltres truca&#8217;ns al 902 18 10 10 Troba la teva oficina m\u00e9s propera Comptem amb una xarxa de m\u00e9s de 150 oficines a 7 pa\u00efsos que funcionen com a punts de trobada entre el talent i les oportunitats. A cadascuna, t\u2019ajudarem a trobar la feina o empleat que est\u00e0s buscant. Veure oficines<\/p>\n","protected":false},"author":8,"featured_media":0,"parent":0,"menu_order":20,"comment_status":"closed","ping_status":"closed","template":"","meta":{"footnotes":""},"class_list":["post-98193","page","type-page","status-publish","hentry"],"acf":[],"yoast_head":"<!-- This site is optimized with the Yoast SEO plugin v27.2 - https:\/\/yoast.com\/product\/yoast-seo-wordpress\/ -->\n<title>Contacte - Eurofirms<\/title>\n<meta name=\"robots\" content=\"index, follow, max-snippet:-1, max-image-preview:large, max-video-preview:-1\" \/>\n<link rel=\"canonical\" href=\"https:\/\/www.eurofirms.com\/es\/es\/contacto\/\" \/>\n<meta property=\"og:locale\" content=\"ca_ES\" \/>\n<meta property=\"og:type\" content=\"article\" \/>\n<meta property=\"og:title\" content=\"Contacte - Eurofirms\" \/>\n<meta property=\"og:description\" content=\"Contacta amb nosaltres truca&#8217;ns al 902 18 10 10 Troba la teva oficina m\u00e9s propera Comptem amb una xarxa de m\u00e9s de 150 oficines a 7 pa\u00efsos que funcionen com a punts de trobada entre el talent i les oportunitats. A cadascuna, t\u2019ajudarem a trobar la feina o empleat que est\u00e0s buscant. Veure oficines\" \/>\n<meta property=\"og:url\" content=\"https:\/\/www.eurofirms.com\/es\/es\/contacto\/\" \/>\n<meta property=\"og:site_name\" content=\"Eurofirms\" \/>\n<meta property=\"article:modified_time\" content=\"2025-09-25T10:44:41+00:00\" \/>\n<meta name=\"twitter:card\" content=\"summary_large_image\" \/>\n<meta name=\"twitter:label1\" content=\"Temps estimat de lectura\" \/>\n\t<meta name=\"twitter:data1\" content=\"1 minut\" \/>\n<script type=\"application\/ld+json\" class=\"yoast-schema-graph\">{\"@context\":\"https:\/\/schema.org\",\"@graph\":[{\"@type\":\"WebPage\",\"@id\":\"https:\/\/www.eurofirms.com\/es\/es\/contacto\/\",\"url\":\"https:\/\/www.eurofirms.com\/es\/es\/contacto\/\",\"name\":\"Contacte - Eurofirms\",\"isPartOf\":{\"@id\":\"https:\/\/www.eurofirms.com\/es\/es\/#website\"},\"datePublished\":\"2025-08-12T12:09:59+00:00\",\"dateModified\":\"2025-09-25T10:44:41+00:00\",\"breadcrumb\":{\"@id\":\"https:\/\/www.eurofirms.com\/es\/es\/contacto\/#breadcrumb\"},\"inLanguage\":\"ca\",\"potentialAction\":[{\"@type\":\"ReadAction\",\"target\":[\"https:\/\/www.eurofirms.com\/es\/es\/contacto\/\"]}]},{\"@type\":\"BreadcrumbList\",\"@id\":\"https:\/\/www.eurofirms.com\/es\/es\/contacto\/#breadcrumb\",\"itemListElement\":[{\"@type\":\"ListItem\",\"position\":1,\"name\":\"Home\",\"item\":\"https:\/\/www.eurofirms.com\/es\/ca\/\"},{\"@type\":\"ListItem\",\"position\":2,\"name\":\"Contacte\"}]},{\"@type\":\"WebSite\",\"@id\":\"https:\/\/www.eurofirms.com\/es\/es\/#website\",\"url\":\"https:\/\/www.eurofirms.com\/es\/es\/\",\"name\":\"Eurofirms\",\"description\":\"Eurofirms\",\"publisher\":{\"@id\":\"https:\/\/www.eurofirms.com\/es\/es\/#organization\"},\"potentialAction\":[{\"@type\":\"SearchAction\",\"target\":{\"@type\":\"EntryPoint\",\"urlTemplate\":\"https:\/\/www.eurofirms.com\/es\/es\/?s={search_term_string}\"},\"query-input\":{\"@type\":\"PropertyValueSpecification\",\"valueRequired\":true,\"valueName\":\"search_term_string\"}}],\"inLanguage\":\"ca\"},{\"@type\":\"Organization\",\"@id\":\"https:\/\/www.eurofirms.com\/es\/es\/#organization\",\"name\":\"Eurofirms\",\"url\":\"https:\/\/www.eurofirms.com\/es\/es\/\",\"logo\":{\"@type\":\"ImageObject\",\"inLanguage\":\"ca\",\"@id\":\"https:\/\/www.eurofirms.com\/es\/es\/#\/schema\/logo\/image\/\",\"url\":\"https:\/\/www.eurofirms.com\/es\/wp-content\/uploads\/sites\/2\/2025\/02\/logo-eurofirms-people-first.webp\",\"contentUrl\":\"https:\/\/www.eurofirms.com\/es\/wp-content\/uploads\/sites\/2\/2025\/02\/logo-eurofirms-people-first.webp\",\"width\":130,\"height\":38,\"caption\":\"Eurofirms\"},\"image\":{\"@id\":\"https:\/\/www.eurofirms.com\/es\/es\/#\/schema\/logo\/image\/\"}}]}<\/script>\n<!-- \/ Yoast SEO plugin. -->","yoast_head_json":{"title":"Contacte - Eurofirms","robots":{"index":"index","follow":"follow","max-snippet":"max-snippet:-1","max-image-preview":"max-image-preview:large","max-video-preview":"max-video-preview:-1"},"canonical":"https:\/\/www.eurofirms.com\/es\/es\/contacto\/","og_locale":"ca_ES","og_type":"article","og_title":"Contacte - Eurofirms","og_description":"Contacta amb nosaltres truca&#8217;ns al 902 18 10 10 Troba la teva oficina m\u00e9s propera Comptem amb una xarxa de m\u00e9s de 150 oficines a 7 pa\u00efsos que funcionen com a punts de trobada entre el talent i les oportunitats. A cadascuna, t\u2019ajudarem a trobar la feina o empleat que est\u00e0s buscant. Veure oficines","og_url":"https:\/\/www.eurofirms.com\/es\/es\/contacto\/","og_site_name":"Eurofirms","article_modified_time":"2025-09-25T10:44:41+00:00","twitter_card":"summary_large_image","twitter_misc":{"Temps estimat de lectura":"1 minut"},"schema":{"@context":"https:\/\/schema.org","@graph":[{"@type":"WebPage","@id":"https:\/\/www.eurofirms.com\/es\/es\/contacto\/","url":"https:\/\/www.eurofirms.com\/es\/es\/contacto\/","name":"Contacte - Eurofirms","isPartOf":{"@id":"https:\/\/www.eurofirms.com\/es\/es\/#website"},"datePublished":"2025-08-12T12:09:59+00:00","dateModified":"2025-09-25T10:44:41+00:00","breadcrumb":{"@id":"https:\/\/www.eurofirms.com\/es\/es\/contacto\/#breadcrumb"},"inLanguage":"ca","potentialAction":[{"@type":"ReadAction","target":["https:\/\/www.eurofirms.com\/es\/es\/contacto\/"]}]},{"@type":"BreadcrumbList","@id":"https:\/\/www.eurofirms.com\/es\/es\/contacto\/#breadcrumb","itemListElement":[{"@type":"ListItem","position":1,"name":"Home","item":"https:\/\/www.eurofirms.com\/es\/ca\/"},{"@type":"ListItem","position":2,"name":"Contacte"}]},{"@type":"WebSite","@id":"https:\/\/www.eurofirms.com\/es\/es\/#website","url":"https:\/\/www.eurofirms.com\/es\/es\/","name":"Eurofirms","description":"Eurofirms","publisher":{"@id":"https:\/\/www.eurofirms.com\/es\/es\/#organization"},"potentialAction":[{"@type":"SearchAction","target":{"@type":"EntryPoint","urlTemplate":"https:\/\/www.eurofirms.com\/es\/es\/?s={search_term_string}"},"query-input":{"@type":"PropertyValueSpecification","valueRequired":true,"valueName":"search_term_string"}}],"inLanguage":"ca"},{"@type":"Organization","@id":"https:\/\/www.eurofirms.com\/es\/es\/#organization","name":"Eurofirms","url":"https:\/\/www.eurofirms.com\/es\/es\/","logo":{"@type":"ImageObject","inLanguage":"ca","@id":"https:\/\/www.eurofirms.com\/es\/es\/#\/schema\/logo\/image\/","url":"https:\/\/www.eurofirms.com\/es\/wp-content\/uploads\/sites\/2\/2025\/02\/logo-eurofirms-people-first.webp","contentUrl":"https:\/\/www.eurofirms.com\/es\/wp-content\/uploads\/sites\/2\/2025\/02\/logo-eurofirms-people-first.webp","width":130,"height":38,"caption":"Eurofirms"},"image":{"@id":"https:\/\/www.eurofirms.com\/es\/es\/#\/schema\/logo\/image\/"}}]}},"_links":{"self":[{"href":"https:\/\/www.eurofirms.com\/es\/ca\/wp-json\/wp\/v2\/pages\/98193","targetHints":{"allow":["GET"]}}],"collection":[{"href":"https:\/\/www.eurofirms.com\/es\/ca\/wp-json\/wp\/v2\/pages"}],"about":[{"href":"https:\/\/www.eurofirms.com\/es\/ca\/wp-json\/wp\/v2\/types\/page"}],"author":[{"embeddable":true,"href":"https:\/\/www.eurofirms.com\/es\/ca\/wp-json\/wp\/v2\/users\/8"}],"replies":[{"embeddable":true,"href":"https:\/\/www.eurofirms.com\/es\/ca\/wp-json\/wp\/v2\/comments?post=98193"}],"version-history":[{"count":0,"href":"https:\/\/www.eurofirms.com\/es\/ca\/wp-json\/wp\/v2\/pages\/98193\/revisions"}],"wp:attachment":[{"href":"https:\/\/www.eurofirms.com\/es\/ca\/wp-json\/wp\/v2\/media?parent=98193"}],"curies":[{"name":"wp","href":"https:\/\/api.w.org\/{rel}","templated":true}]}}