{"id":90125,"date":"2025-06-26T18:07:49","date_gmt":"2025-06-26T16:07:49","guid":{"rendered":"https:\/\/www.eurofirms.com\/cl\/?page_id=90125"},"modified":"2025-09-05T11:42:38","modified_gmt":"2025-09-05T09:42:38","slug":"garantia-de-calidad","status":"publish","type":"page","link":"https:\/\/www.eurofirms.com\/cl\/es\/sobre-nosotros\/garantia-de-calidad\/","title":{"rendered":"Garant\u00eda de calidad"},"content":{"rendered":"\t\t<div data-elementor-type=\"wp-page\" data-elementor-id=\"90125\" class=\"elementor elementor-90125\" data-elementor-post-type=\"page\">\n\t\t\t\t<div class=\"elementor-element elementor-element-b2a6e4f e-con-full e-flex e-con e-parent\" data-id=\"b2a6e4f\" data-element_type=\"container\" data-e-type=\"container\" data-settings=\"{&quot;background_background&quot;:&quot;classic&quot;,&quot;jet_parallax_layout_list&quot;:[],&quot;shape_divider_bottom&quot;:&quot;curve-asymmetrical&quot;}\">\n\t\t\t\t<div class=\"elementor-shape elementor-shape-bottom\" aria-hidden=\"true\" data-negative=\"false\">\n\t\t\t<svg xmlns=\"http:\/\/www.w3.org\/2000\/svg\" viewBox=\"0 0 1000 100\" preserveAspectRatio=\"none\">\n\t<path class=\"elementor-shape-fill\" d=\"M0,0c0,0,0,6,0,6.7c0,18,240.2,93.6,615.2,92.6C989.8,98.5,1000,25,1000,6.7c0-0.7,0-6.7,0-6.7H0z\"\/>\n<\/svg>\t\t<\/div>\n\t\t<div class=\"elementor-element elementor-element-2711f91 e-con-full e-flex e-con e-child\" data-id=\"2711f91\" data-element_type=\"container\" data-e-type=\"container\" data-settings=\"{&quot;jet_parallax_layout_list&quot;:[]}\">\n\t\t<div class=\"elementor-element elementor-element-efa798f e-flex e-con-boxed e-con e-child\" data-id=\"efa798f\" data-element_type=\"container\" data-e-type=\"container\" data-settings=\"{&quot;jet_parallax_layout_list&quot;:[]}\">\n\t\t\t\t\t<div class=\"e-con-inner\">\n\t\t<div class=\"elementor-element elementor-element-0d5da38 e-con-full e-flex e-con e-child\" data-id=\"0d5da38\" data-element_type=\"container\" data-e-type=\"container\" data-settings=\"{&quot;jet_parallax_layout_list&quot;:[]}\">\n\t\t\t\t<div class=\"elementor-element elementor-element-0b8797d elementor-widget elementor-widget-breadcrumbs\" data-id=\"0b8797d\" data-element_type=\"widget\" data-e-type=\"widget\" data-widget_type=\"breadcrumbs.default\">\n\t\t\t\t<div class=\"elementor-widget-container\">\n\t\t\t\t\t<p id=\"breadcrumbs\"><span><span><a href=\"https:\/\/www.eurofirms.com\/cl\/es\/\">Home<\/a><\/span><\/span><\/p>\t\t\t\t<\/div>\n\t\t\t\t<\/div>\n\t\t\t\t<div class=\"elementor-element elementor-element-d53eb3a elementor-widget__width-initial elementor-invisible elementor-widget elementor-widget-heading\" data-id=\"d53eb3a\" data-element_type=\"widget\" data-e-type=\"widget\" data-settings=\"{&quot;_animation&quot;:&quot;fadeInDown&quot;}\" data-widget_type=\"heading.default\">\n\t\t\t\t<div class=\"elementor-widget-container\">\n\t\t\t\t\t<h1 class=\"elementor-heading-title elementor-size-default\">Garant\u00eda de calidad<\/h1>\t\t\t\t<\/div>\n\t\t\t\t<\/div>\n\t\t\t\t<div class=\"elementor-element elementor-element-508bc31 elementor-widget__width-initial elementor-widget elementor-widget-text-editor\" data-id=\"508bc31\" data-element_type=\"widget\" data-e-type=\"widget\" data-widget_type=\"text-editor.default\">\n\t\t\t\t<div class=\"elementor-widget-container\">\n\t\t\t\t\t\t\t\t\t<p>En Eurofirms Group, nuestra cultura People first gu\u00eda nuestras acciones. Cada certificaci\u00f3n y reconocimiento que hemos recibido avala una forma de trabajar humana, responsable y comprometida con la calidad.<\/p>\t\t\t\t\t\t\t\t<\/div>\n\t\t\t\t<\/div>\n\t\t\t\t<div class=\"elementor-element elementor-element-2309a79 elementor-align-left elementor-widget elementor-widget-global elementor-global-91779 elementor-widget-button\" data-id=\"2309a79\" data-element_type=\"widget\" data-e-type=\"widget\" data-widget_type=\"button.default\">\n\t\t\t\t<div class=\"elementor-widget-container\">\n\t\t\t\t\t\t\t\t\t<div class=\"elementor-button-wrapper\">\n\t\t\t\t\t<a class=\"elementor-button elementor-button-link elementor-size-sm\" href=\"https:\/\/www.eurofirms.com\/cl\/es\/contacto-empresa\/\">\n\t\t\t\t\t\t<span class=\"elementor-button-content-wrapper\">\n\t\t\t\t\t\t\t\t\t<span class=\"elementor-button-text\">Contacta<\/span>\n\t\t\t\t\t<\/span>\n\t\t\t\t\t<\/a>\n\t\t\t\t<\/div>\n\t\t\t\t\t\t\t\t<\/div>\n\t\t\t\t<\/div>\n\t\t\t\t<\/div>\n\t\t\t\t\t<\/div>\n\t\t\t\t<\/div>\n\t\t\t\t<\/div>\n\t\t\t\t<\/div>\n\t\t<div class=\"elementor-element elementor-element-7c949ce e-flex e-con-boxed e-con e-parent\" data-id=\"7c949ce\" data-element_type=\"container\" data-e-type=\"container\" data-settings=\"{&quot;background_background&quot;:&quot;gradient&quot;,&quot;jet_parallax_layout_list&quot;:[]}\">\n\t\t\t\t\t<div class=\"e-con-inner\">\n\t\t\t\t<div class=\"elementor-element elementor-element-dcfac50 elementor-widget-mobile__width-initial elementor-widget__width-initial elementor-widget elementor-widget-heading\" data-id=\"dcfac50\" data-element_type=\"widget\" data-e-type=\"widget\" data-widget_type=\"heading.default\">\n\t\t\t\t<div class=\"elementor-widget-container\">\n\t\t\t\t\t<h2 class=\"elementor-heading-title elementor-size-default\">Somos People first<\/h2>\t\t\t\t<\/div>\n\t\t\t\t<\/div>\n\t\t<div class=\"elementor-element elementor-element-c704ad6 e-flex e-con-boxed e-con e-child\" data-id=\"c704ad6\" data-element_type=\"container\" data-e-type=\"container\" data-settings=\"{&quot;jet_parallax_layout_list&quot;:[]}\">\n\t\t\t\t\t<div class=\"e-con-inner\">\n\t\t<div class=\"elementor-element elementor-element-543199a e-flex e-con-boxed e-con e-child\" data-id=\"543199a\" data-element_type=\"container\" data-e-type=\"container\" data-settings=\"{&quot;jet_parallax_layout_list&quot;:[]}\">\n\t\t\t\t\t<div class=\"e-con-inner\">\n\t\t<div class=\"elementor-element elementor-element-15de340 e-con-full e-flex e-con e-child\" data-id=\"15de340\" data-element_type=\"container\" data-e-type=\"container\" data-settings=\"{&quot;jet_parallax_layout_list&quot;:[]}\">\n\t\t\t\t<div class=\"elementor-element elementor-element-356d4ee elementor-view-default elementor-position-block-start elementor-mobile-position-block-start elementor-widget elementor-widget-icon-box\" data-id=\"356d4ee\" data-element_type=\"widget\" data-e-type=\"widget\" data-widget_type=\"icon-box.default\">\n\t\t\t\t<div class=\"elementor-widget-container\">\n\t\t\t\t\t\t\t<div class=\"elementor-icon-box-wrapper\">\n\n\t\t\t\t\t\t<div class=\"elementor-icon-box-icon\">\n\t\t\t\t<span  class=\"elementor-icon\">\n\t\t\t\t<svg xmlns=\"http:\/\/www.w3.org\/2000\/svg\" width=\"25\" height=\"3\" viewBox=\"0 0 25 3\" fill=\"none\"><rect width=\"25\" height=\"3\" rx=\"1.5\" transform=\"matrix(1 0 0 -1 0 3)\" fill=\"#FFC82F\"><\/rect><\/svg>\t\t\t\t<\/span>\n\t\t\t<\/div>\n\t\t\t\n\t\t\t\t\t\t<div class=\"elementor-icon-box-content\">\n\n\t\t\t\t\t\t\t\t\t<h3 class=\"elementor-icon-box-title\">\n\t\t\t\t\t\t<span  >\n\t\t\t\t\t\t\tCertificados de Eurofirms Group\t\t\t\t\t\t<\/span>\n\t\t\t\t\t<\/h3>\n\t\t\t\t\n\t\t\t\t\t\t\t\t\t<p class=\"elementor-icon-box-description\">\n\t\t\t\t\t\tEstos son los certificados y reconocimientos que avalan aquello que realizamos en nuestro d\u00eda a d\u00eda:\t\t\t\t\t<\/p>\n\t\t\t\t\n\t\t\t<\/div>\n\t\t\t\n\t\t<\/div>\n\t\t\t\t\t\t<\/div>\n\t\t\t\t<\/div>\n\t\t\t\t<div class=\"elementor-element elementor-element-25adf6d elementor-widget__width-initial elementor-widget elementor-widget-text-editor\" data-id=\"25adf6d\" data-element_type=\"widget\" data-e-type=\"widget\" data-widget_type=\"text-editor.default\">\n\t\t\t\t<div class=\"elementor-widget-container\">\n\t\t\t\t\t\t\t\t\t<ul><li><span style=\"text-decoration: underline;\">Garant\u00eda de cumplimiento del reglamento (UE) 2016\/679 de protecci\u00f3n de datos personales.<\/span><\/li><li><span style=\"text-decoration: underline;\">Garant\u00eda de cumplimiento de medidas de seguridad derivadas del reglamento (UE) 2016\/679 de protecci\u00f3n de datos personales.<\/span><\/li><li><span style=\"text-decoration: underline;\">Certificado de Auditoria Reglamentaria de Prevenci\u00f3n de Riesgos Laborales.<\/span><\/li><li><span style=\"text-decoration: underline;\">ISO 14001<\/span><\/li><li><span style=\"text-decoration: underline;\">ISO 9001<\/span><\/li><\/ul>\t\t\t\t\t\t\t\t<\/div>\n\t\t\t\t<\/div>\n\t\t\t\t<\/div>\n\t\t<div class=\"elementor-element elementor-element-77dc030 e-con-full e-flex e-con e-child\" data-id=\"77dc030\" data-element_type=\"container\" data-e-type=\"container\" data-settings=\"{&quot;background_background&quot;:&quot;classic&quot;,&quot;jet_parallax_layout_list&quot;:[]}\">\n\t\t\t\t<\/div>\n\t\t\t\t\t<\/div>\n\t\t\t\t<\/div>\n\t\t<div class=\"elementor-element elementor-element-808dd2e e-flex e-con-boxed e-con e-child\" data-id=\"808dd2e\" data-element_type=\"container\" data-e-type=\"container\" data-settings=\"{&quot;jet_parallax_layout_list&quot;:[]}\">\n\t\t\t\t\t<div class=\"e-con-inner\">\n\t\t<div class=\"elementor-element elementor-element-a9ddac9 e-con-full e-flex e-con e-child\" data-id=\"a9ddac9\" data-element_type=\"container\" data-e-type=\"container\" data-settings=\"{&quot;background_background&quot;:&quot;classic&quot;,&quot;jet_parallax_layout_list&quot;:[]}\">\n\t\t\t\t<\/div>\n\t\t<div class=\"elementor-element elementor-element-35fe4e3 e-con-full e-flex e-con e-child\" data-id=\"35fe4e3\" data-element_type=\"container\" data-e-type=\"container\" data-settings=\"{&quot;jet_parallax_layout_list&quot;:[]}\">\n\t\t\t\t<div class=\"elementor-element elementor-element-7f5801c elementor-view-default elementor-position-block-start elementor-mobile-position-block-start elementor-widget elementor-widget-icon-box\" data-id=\"7f5801c\" data-element_type=\"widget\" data-e-type=\"widget\" data-widget_type=\"icon-box.default\">\n\t\t\t\t<div class=\"elementor-widget-container\">\n\t\t\t\t\t\t\t<div class=\"elementor-icon-box-wrapper\">\n\n\t\t\t\t\t\t<div class=\"elementor-icon-box-icon\">\n\t\t\t\t<span  class=\"elementor-icon\">\n\t\t\t\t<svg xmlns=\"http:\/\/www.w3.org\/2000\/svg\" width=\"25\" height=\"3\" viewBox=\"0 0 25 3\" fill=\"none\"><rect width=\"25\" height=\"3\" rx=\"1.5\" transform=\"matrix(1 0 0 -1 0 3)\" fill=\"#FFC82F\"><\/rect><\/svg>\t\t\t\t<\/span>\n\t\t\t<\/div>\n\t\t\t\n\t\t\t\t\t\t<div class=\"elementor-icon-box-content\">\n\n\t\t\t\t\t\t\t\t\t<h3 class=\"elementor-icon-box-title\">\n\t\t\t\t\t\t<span  >\n\t\t\t\t\t\t\tISO 45001\t\t\t\t\t\t<\/span>\n\t\t\t\t\t<\/h3>\n\t\t\t\t\n\t\t\t\t\t\t\t\t\t<p class=\"elementor-icon-box-description\">\n\t\t\t\t\t\tEn Eurofirms, la seguridad y el bienestar de cada uno de nuestros colaboradores es fundamental. Por eso, estamos muy orgullosos de ser una de las pocas empresas del sector que cuenta con la certificaci\u00f3n ISO 45001 en nuestros servicios de outsourcing.<br>\n<br>\nEsta ISO nos ayuda a identificar y reducir los riesgos laborales, asegurando que todas las personas puedan trabajar en un lugar donde la salud y la seguridad est\u00e1n garantizadas.<br>\n<br>\n<p><a href=\"https:\/\/www.eurofirms.com\/cl\/wp-content\/uploads\/sites\/5\/2025\/08\/6.-EUROFIRMS-GROUP-S.L.U_compressed.pdf\" target=\"_blank\">Haz clic aqu\u00ed<\/a> si quieres ver el certificado.<\/p>\t\t\t\t\t<\/p>\n\t\t\t\t\n\t\t\t<\/div>\n\t\t\t\n\t\t<\/div>\n\t\t\t\t\t\t<\/div>\n\t\t\t\t<\/div>\n\t\t\t\t<\/div>\n\t\t\t\t\t<\/div>\n\t\t\t\t<\/div>\n\t\t<div class=\"elementor-element elementor-element-a7dd91a e-flex e-con-boxed e-con e-child\" data-id=\"a7dd91a\" data-element_type=\"container\" data-e-type=\"container\" data-settings=\"{&quot;jet_parallax_layout_list&quot;:[]}\">\n\t\t\t\t\t<div class=\"e-con-inner\">\n\t\t<div class=\"elementor-element elementor-element-d24a52d e-con-full e-flex e-con e-child\" data-id=\"d24a52d\" data-element_type=\"container\" data-e-type=\"container\" data-settings=\"{&quot;background_background&quot;:&quot;classic&quot;,&quot;jet_parallax_layout_list&quot;:[]}\">\n\t\t\t\t<\/div>\n\t\t<div class=\"elementor-element elementor-element-5a5327a e-con-full e-flex e-con e-child\" data-id=\"5a5327a\" data-element_type=\"container\" data-e-type=\"container\" data-settings=\"{&quot;jet_parallax_layout_list&quot;:[]}\">\n\t\t\t\t<div class=\"elementor-element elementor-element-a1d37c3 elementor-view-default elementor-position-block-start elementor-mobile-position-block-start elementor-widget elementor-widget-icon-box\" data-id=\"a1d37c3\" data-element_type=\"widget\" data-e-type=\"widget\" data-widget_type=\"icon-box.default\">\n\t\t\t\t<div class=\"elementor-widget-container\">\n\t\t\t\t\t\t\t<div class=\"elementor-icon-box-wrapper\">\n\n\t\t\t\t\t\t<div class=\"elementor-icon-box-icon\">\n\t\t\t\t<span  class=\"elementor-icon\">\n\t\t\t\t<svg xmlns=\"http:\/\/www.w3.org\/2000\/svg\" width=\"25\" height=\"3\" viewBox=\"0 0 25 3\" fill=\"none\"><rect width=\"25\" height=\"3\" rx=\"1.5\" transform=\"matrix(1 0 0 -1 0 3)\" fill=\"#FFC82F\"><\/rect><\/svg>\t\t\t\t<\/span>\n\t\t\t<\/div>\n\t\t\t\n\t\t\t\t\t\t<div class=\"elementor-icon-box-content\">\n\n\t\t\t\t\t\t\t\t\t<h3 class=\"elementor-icon-box-title\">\n\t\t\t\t\t\t<span  >\n\t\t\t\t\t\t\tSostenibilidad\t\t\t\t\t\t<\/span>\n\t\t\t\t\t<\/h3>\n\t\t\t\t\n\t\t\t\t\t\t\t\t\t<p class=\"elementor-icon-box-description\">\n\t\t\t\t\t\tDescubre todas las dem\u00e1s\u00a0acciones que realizamos en nuestro d\u00eda a d\u00eda que nos ayudan a crear un entorno laboral y un mundo m\u00e1s sostenible, es decir, que nos llevan a ser una empresa People first.\u00a0\t\t\t\t\t<\/p>\n\t\t\t\t\n\t\t\t<\/div>\n\t\t\t\n\t\t<\/div>\n\t\t\t\t\t\t<\/div>\n\t\t\t\t<\/div>\n\t\t\t\t<div class=\"elementor-element elementor-element-83f8438 elementor-align-left elementor-widget__width-initial elementor-widget-mobile__width-initial elementor-widget elementor-widget-button\" data-id=\"83f8438\" data-element_type=\"widget\" data-e-type=\"widget\" data-widget_type=\"button.default\">\n\t\t\t\t<div class=\"elementor-widget-container\">\n\t\t\t\t\t\t\t\t\t<div class=\"elementor-button-wrapper\">\n\t\t\t\t\t<a class=\"elementor-button elementor-button-link elementor-size-sm\" href=\"https:\/\/www.eurofirms.com\/cl\/es\/sobre-nosotros\/sostenibilidad\/\">\n\t\t\t\t\t\t<span class=\"elementor-button-content-wrapper\">\n\t\t\t\t\t\t\t\t\t<span class=\"elementor-button-text\">Ver m\u00e1s<\/span>\n\t\t\t\t\t<\/span>\n\t\t\t\t\t<\/a>\n\t\t\t\t<\/div>\n\t\t\t\t\t\t\t\t<\/div>\n\t\t\t\t<\/div>\n\t\t\t\t<\/div>\n\t\t\t\t\t<\/div>\n\t\t\t\t<\/div>\n\t\t\t\t\t<\/div>\n\t\t\t\t<\/div>\n\t\t\t\t\t<\/div>\n\t\t\t\t<\/div>\n\t\t\t\t<\/div>\n\t\t","protected":false},"excerpt":{"rendered":"<p>Garant\u00eda de calidad En Eurofirms Group, nuestra cultura People first gu\u00eda nuestras acciones. Cada certificaci\u00f3n y reconocimiento que hemos recibido avala una forma de trabajar humana, responsable y comprometida con la calidad. Contacta Somos People first Certificados de Eurofirms Group Estos son los certificados y reconocimientos que avalan aquello que realizamos en nuestro d\u00eda a [&hellip;]<\/p>\n","protected":false},"author":8,"featured_media":0,"parent":88507,"menu_order":5,"comment_status":"closed","ping_status":"closed","template":"","meta":{"footnotes":""},"class_list":["post-90125","page","type-page","status-publish","hentry"],"acf":[],"yoast_head":"<!-- This site is optimized with the Yoast SEO plugin v27.2 - https:\/\/yoast.com\/product\/yoast-seo-wordpress\/ -->\n<title>Garant\u00eda de calidad - Eurofirms Chile<\/title>\n<meta name=\"robots\" content=\"index, follow, max-snippet:-1, max-image-preview:large, max-video-preview:-1\" \/>\n<link rel=\"canonical\" href=\"https:\/\/www.eurofirms.com\/cl\/es\/sobre-nosotros\/garantia-de-calidad\/\" \/>\n<meta property=\"og:locale\" content=\"es_ES\" \/>\n<meta property=\"og:type\" content=\"article\" \/>\n<meta property=\"og:title\" content=\"Garant\u00eda de calidad - Eurofirms Chile\" \/>\n<meta property=\"og:description\" content=\"Garant\u00eda de calidad En Eurofirms Group, nuestra cultura People first gu\u00eda nuestras acciones. Cada certificaci\u00f3n y reconocimiento que hemos recibido avala una forma de trabajar humana, responsable y comprometida con la calidad. Contacta Somos People first Certificados de Eurofirms Group Estos son los certificados y reconocimientos que avalan aquello que realizamos en nuestro d\u00eda a [&hellip;]\" \/>\n<meta property=\"og:url\" content=\"https:\/\/www.eurofirms.com\/cl\/es\/sobre-nosotros\/garantia-de-calidad\/\" \/>\n<meta property=\"og:site_name\" content=\"Eurofirms Chile\" \/>\n<meta property=\"article:modified_time\" content=\"2025-09-05T09:42:38+00:00\" \/>\n<meta name=\"twitter:card\" content=\"summary_large_image\" \/>\n<meta name=\"twitter:label1\" content=\"Tiempo de lectura\" \/>\n\t<meta name=\"twitter:data1\" content=\"1 minuto\" \/>\n<script type=\"application\/ld+json\" class=\"yoast-schema-graph\">{\"@context\":\"https:\/\/schema.org\",\"@graph\":[{\"@type\":\"WebPage\",\"@id\":\"https:\/\/www.eurofirms.com\/cl\/es\/sobre-nosotros\/garantia-de-calidad\/\",\"url\":\"https:\/\/www.eurofirms.com\/cl\/es\/sobre-nosotros\/garantia-de-calidad\/\",\"name\":\"Garant\u00eda de calidad - Eurofirms Chile\",\"isPartOf\":{\"@id\":\"https:\/\/www.eurofirms.com\/cl\/es\/#website\"},\"datePublished\":\"2025-06-26T16:07:49+00:00\",\"dateModified\":\"2025-09-05T09:42:38+00:00\",\"breadcrumb\":{\"@id\":\"https:\/\/www.eurofirms.com\/cl\/es\/sobre-nosotros\/garantia-de-calidad\/#breadcrumb\"},\"inLanguage\":\"es\",\"potentialAction\":[{\"@type\":\"ReadAction\",\"target\":[\"https:\/\/www.eurofirms.com\/cl\/es\/sobre-nosotros\/garantia-de-calidad\/\"]}]},{\"@type\":\"BreadcrumbList\",\"@id\":\"https:\/\/www.eurofirms.com\/cl\/es\/sobre-nosotros\/garantia-de-calidad\/#breadcrumb\",\"itemListElement\":[{\"@type\":\"ListItem\",\"position\":1,\"name\":\"Home\",\"item\":\"https:\/\/www.eurofirms.com\/cl\/es\/\"},{\"@type\":\"ListItem\",\"position\":2,\"name\":\"Sobre nosotros\",\"item\":\"https:\/\/www.eurofirms.com\/cl\/es\/sobre-nosotros\/\"},{\"@type\":\"ListItem\",\"position\":3,\"name\":\"Garant\u00eda de calidad\"}]},{\"@type\":\"WebSite\",\"@id\":\"https:\/\/www.eurofirms.com\/cl\/es\/#website\",\"url\":\"https:\/\/www.eurofirms.com\/cl\/es\/\",\"name\":\"Eurofirms Chile\",\"description\":\"Eurofirms\",\"publisher\":{\"@id\":\"https:\/\/www.eurofirms.com\/cl\/es\/#organization\"},\"potentialAction\":[{\"@type\":\"SearchAction\",\"target\":{\"@type\":\"EntryPoint\",\"urlTemplate\":\"https:\/\/www.eurofirms.com\/cl\/es\/?s={search_term_string}\"},\"query-input\":{\"@type\":\"PropertyValueSpecification\",\"valueRequired\":true,\"valueName\":\"search_term_string\"}}],\"inLanguage\":\"es\"},{\"@type\":\"Organization\",\"@id\":\"https:\/\/www.eurofirms.com\/cl\/es\/#organization\",\"name\":\"Eurofirms Chile\",\"url\":\"https:\/\/www.eurofirms.com\/cl\/es\/\",\"logo\":{\"@type\":\"ImageObject\",\"inLanguage\":\"es\",\"@id\":\"https:\/\/www.eurofirms.com\/cl\/es\/#\/schema\/logo\/image\/\",\"url\":\"https:\/\/www.eurofirms.com\/cl\/wp-content\/uploads\/sites\/5\/2025\/02\/Eurofirms-logo.svg\",\"contentUrl\":\"https:\/\/www.eurofirms.com\/cl\/wp-content\/uploads\/sites\/5\/2025\/02\/Eurofirms-logo.svg\",\"width\":130,\"height\":38,\"caption\":\"Eurofirms Chile\"},\"image\":{\"@id\":\"https:\/\/www.eurofirms.com\/cl\/es\/#\/schema\/logo\/image\/\"}}]}<\/script>\n<!-- \/ Yoast SEO plugin. -->","yoast_head_json":{"title":"Garant\u00eda de calidad - Eurofirms Chile","robots":{"index":"index","follow":"follow","max-snippet":"max-snippet:-1","max-image-preview":"max-image-preview:large","max-video-preview":"max-video-preview:-1"},"canonical":"https:\/\/www.eurofirms.com\/cl\/es\/sobre-nosotros\/garantia-de-calidad\/","og_locale":"es_ES","og_type":"article","og_title":"Garant\u00eda de calidad - Eurofirms Chile","og_description":"Garant\u00eda de calidad En Eurofirms Group, nuestra cultura People first gu\u00eda nuestras acciones. Cada certificaci\u00f3n y reconocimiento que hemos recibido avala una forma de trabajar humana, responsable y comprometida con la calidad. Contacta Somos People first Certificados de Eurofirms Group Estos son los certificados y reconocimientos que avalan aquello que realizamos en nuestro d\u00eda a [&hellip;]","og_url":"https:\/\/www.eurofirms.com\/cl\/es\/sobre-nosotros\/garantia-de-calidad\/","og_site_name":"Eurofirms Chile","article_modified_time":"2025-09-05T09:42:38+00:00","twitter_card":"summary_large_image","twitter_misc":{"Tiempo de lectura":"1 minuto"},"schema":{"@context":"https:\/\/schema.org","@graph":[{"@type":"WebPage","@id":"https:\/\/www.eurofirms.com\/cl\/es\/sobre-nosotros\/garantia-de-calidad\/","url":"https:\/\/www.eurofirms.com\/cl\/es\/sobre-nosotros\/garantia-de-calidad\/","name":"Garant\u00eda de calidad - Eurofirms Chile","isPartOf":{"@id":"https:\/\/www.eurofirms.com\/cl\/es\/#website"},"datePublished":"2025-06-26T16:07:49+00:00","dateModified":"2025-09-05T09:42:38+00:00","breadcrumb":{"@id":"https:\/\/www.eurofirms.com\/cl\/es\/sobre-nosotros\/garantia-de-calidad\/#breadcrumb"},"inLanguage":"es","potentialAction":[{"@type":"ReadAction","target":["https:\/\/www.eurofirms.com\/cl\/es\/sobre-nosotros\/garantia-de-calidad\/"]}]},{"@type":"BreadcrumbList","@id":"https:\/\/www.eurofirms.com\/cl\/es\/sobre-nosotros\/garantia-de-calidad\/#breadcrumb","itemListElement":[{"@type":"ListItem","position":1,"name":"Home","item":"https:\/\/www.eurofirms.com\/cl\/es\/"},{"@type":"ListItem","position":2,"name":"Sobre nosotros","item":"https:\/\/www.eurofirms.com\/cl\/es\/sobre-nosotros\/"},{"@type":"ListItem","position":3,"name":"Garant\u00eda de calidad"}]},{"@type":"WebSite","@id":"https:\/\/www.eurofirms.com\/cl\/es\/#website","url":"https:\/\/www.eurofirms.com\/cl\/es\/","name":"Eurofirms Chile","description":"Eurofirms","publisher":{"@id":"https:\/\/www.eurofirms.com\/cl\/es\/#organization"},"potentialAction":[{"@type":"SearchAction","target":{"@type":"EntryPoint","urlTemplate":"https:\/\/www.eurofirms.com\/cl\/es\/?s={search_term_string}"},"query-input":{"@type":"PropertyValueSpecification","valueRequired":true,"valueName":"search_term_string"}}],"inLanguage":"es"},{"@type":"Organization","@id":"https:\/\/www.eurofirms.com\/cl\/es\/#organization","name":"Eurofirms Chile","url":"https:\/\/www.eurofirms.com\/cl\/es\/","logo":{"@type":"ImageObject","inLanguage":"es","@id":"https:\/\/www.eurofirms.com\/cl\/es\/#\/schema\/logo\/image\/","url":"https:\/\/www.eurofirms.com\/cl\/wp-content\/uploads\/sites\/5\/2025\/02\/Eurofirms-logo.svg","contentUrl":"https:\/\/www.eurofirms.com\/cl\/wp-content\/uploads\/sites\/5\/2025\/02\/Eurofirms-logo.svg","width":130,"height":38,"caption":"Eurofirms Chile"},"image":{"@id":"https:\/\/www.eurofirms.com\/cl\/es\/#\/schema\/logo\/image\/"}}]}},"_links":{"self":[{"href":"https:\/\/www.eurofirms.com\/cl\/es\/wp-json\/wp\/v2\/pages\/90125","targetHints":{"allow":["GET"]}}],"collection":[{"href":"https:\/\/www.eurofirms.com\/cl\/es\/wp-json\/wp\/v2\/pages"}],"about":[{"href":"https:\/\/www.eurofirms.com\/cl\/es\/wp-json\/wp\/v2\/types\/page"}],"author":[{"embeddable":true,"href":"https:\/\/www.eurofirms.com\/cl\/es\/wp-json\/wp\/v2\/users\/8"}],"replies":[{"embeddable":true,"href":"https:\/\/www.eurofirms.com\/cl\/es\/wp-json\/wp\/v2\/comments?post=90125"}],"version-history":[{"count":0,"href":"https:\/\/www.eurofirms.com\/cl\/es\/wp-json\/wp\/v2\/pages\/90125\/revisions"}],"up":[{"embeddable":true,"href":"https:\/\/www.eurofirms.com\/cl\/es\/wp-json\/wp\/v2\/pages\/88507"}],"wp:attachment":[{"href":"https:\/\/www.eurofirms.com\/cl\/es\/wp-json\/wp\/v2\/media?parent=90125"}],"curies":[{"name":"wp","href":"https:\/\/api.w.org\/{rel}","templated":true}]}}